{"id":26,"date":"2015-11-06T19:30:27","date_gmt":"2015-11-06T19:30:27","guid":{"rendered":"http:\/\/origamex.org\/?page_id=26"},"modified":"2015-11-06T22:15:35","modified_gmt":"2015-11-06T22:15:35","slug":"origami-y-ciencias","status":"publish","type":"page","link":"http:\/\/origamex.org\/?page_id=26","title":{"rendered":"Origami y Ciencias \/ Ingenier\u00eda"},"content":{"rendered":"<div id='gallery-1' class='gallery galleryid-26 gallery-columns-2 gallery-size-medium'><figure class='gallery-item'>\n\t\t\t<div class='gallery-icon landscape'>\n\t\t\t\t<a href='http:\/\/origamex.org\/?attachment_id=35'><img loading=\"lazy\" decoding=\"async\" width=\"300\" height=\"200\" src=\"http:\/\/origamex.org\/wp-content\/uploads\/2015\/11\/DSC00688-300x200.jpg\" class=\"attachment-medium size-medium\" alt=\"\" aria-describedby=\"gallery-1-35\" srcset=\"http:\/\/origamex.org\/wp-content\/uploads\/2015\/11\/DSC00688-300x200.jpg 300w, http:\/\/origamex.org\/wp-content\/uploads\/2015\/11\/DSC00688-1024x684.jpg 1024w\" sizes=\"(max-width: 300px) 85vw, 300px\" \/><\/a>\n\t\t\t<\/div>\n\t\t\t\t<figcaption class='wp-caption-text gallery-caption' id='gallery-1-35'>\n\t\t\t\tYoshimura-ori, doblado por Matthew Green\n\t\t\t\t<\/figcaption><\/figure><figure class='gallery-item'>\n\t\t\t<div class='gallery-icon landscape'>\n\t\t\t\t<a href='http:\/\/origamex.org\/?attachment_id=36'><img loading=\"lazy\" decoding=\"async\" width=\"300\" height=\"200\" src=\"http:\/\/origamex.org\/wp-content\/uploads\/2015\/11\/DSC00689-300x200.jpg\" class=\"attachment-medium size-medium\" alt=\"\" aria-describedby=\"gallery-1-36\" srcset=\"http:\/\/origamex.org\/wp-content\/uploads\/2015\/11\/DSC00689-300x200.jpg 300w, http:\/\/origamex.org\/wp-content\/uploads\/2015\/11\/DSC00689-1024x684.jpg 1024w\" sizes=\"(max-width: 300px) 85vw, 300px\" \/><\/a>\n\t\t\t<\/div>\n\t\t\t\t<figcaption class='wp-caption-text gallery-caption' id='gallery-1-36'>\n\t\t\t\tYoshimura-ori, doblado por Matthew Green\n\t\t\t\t<\/figcaption><\/figure><figure class='gallery-item'>\n\t\t\t<div class='gallery-icon landscape'>\n\t\t\t\t<a href='http:\/\/origamex.org\/?attachment_id=37'><img loading=\"lazy\" decoding=\"async\" width=\"300\" height=\"225\" src=\"http:\/\/origamex.org\/wp-content\/uploads\/2015\/11\/virginia_duran_blog_yokohama-international-port-terminal-300x225.jpg\" class=\"attachment-medium size-medium\" alt=\"\" aria-describedby=\"gallery-1-37\" srcset=\"http:\/\/origamex.org\/wp-content\/uploads\/2015\/11\/virginia_duran_blog_yokohama-international-port-terminal-300x225.jpg 300w, http:\/\/origamex.org\/wp-content\/uploads\/2015\/11\/virginia_duran_blog_yokohama-international-port-terminal.jpg 1024w\" sizes=\"(max-width: 300px) 85vw, 300px\" \/><\/a>\n\t\t\t<\/div>\n\t\t\t\t<figcaption class='wp-caption-text gallery-caption' id='gallery-1-37'>\n\t\t\t\tYokohama International Port Terminal, que utiliza el Yoshimura-ori (Foto: Virginia Duran)\n\t\t\t\t<\/figcaption><\/figure>\n\t\t<\/div>\n\n<div id='gallery-2' class='gallery galleryid-26 gallery-columns-2 gallery-size-medium'><figure class='gallery-item'>\n\t\t\t<div class='gallery-icon landscape'>\n\t\t\t\t<a href='http:\/\/origamex.org\/?attachment_id=38'><img loading=\"lazy\" decoding=\"async\" width=\"300\" height=\"200\" src=\"http:\/\/origamex.org\/wp-content\/uploads\/2015\/11\/Capilla-en-St.-Loup-Suiza-300x200.png\" class=\"attachment-medium size-medium\" alt=\"\" aria-describedby=\"gallery-2-38\" srcset=\"http:\/\/origamex.org\/wp-content\/uploads\/2015\/11\/Capilla-en-St.-Loup-Suiza-300x200.png 300w, http:\/\/origamex.org\/wp-content\/uploads\/2015\/11\/Capilla-en-St.-Loup-Suiza.png 991w\" sizes=\"(max-width: 300px) 85vw, 300px\" \/><\/a>\n\t\t\t<\/div>\n\t\t\t\t<figcaption class='wp-caption-text gallery-caption' id='gallery-2-38'>\n\t\t\t\tCapilla en St. Loup, Suiza\n\t\t\t\t<\/figcaption><\/figure><figure class='gallery-item'>\n\t\t\t<div class='gallery-icon landscape'>\n\t\t\t\t<a href='http:\/\/origamex.org\/?attachment_id=39'><img loading=\"lazy\" decoding=\"async\" width=\"300\" height=\"225\" src=\"http:\/\/origamex.org\/wp-content\/uploads\/2015\/11\/12211157_10153604668785199_2063415200_o-300x225.jpg\" class=\"attachment-medium size-medium\" alt=\"\" aria-describedby=\"gallery-2-39\" srcset=\"http:\/\/origamex.org\/wp-content\/uploads\/2015\/11\/12211157_10153604668785199_2063415200_o-300x225.jpg 300w, http:\/\/origamex.org\/wp-content\/uploads\/2015\/11\/12211157_10153604668785199_2063415200_o-1024x768.jpg 1024w, http:\/\/origamex.org\/wp-content\/uploads\/2015\/11\/12211157_10153604668785199_2063415200_o.jpg 1890w\" sizes=\"(max-width: 300px) 85vw, 300px\" \/><\/a>\n\t\t\t<\/div>\n\t\t\t\t<figcaption class='wp-caption-text gallery-caption' id='gallery-2-39'>\n\t\t\t\tCapilla en St. Loup, Suiza\n\t\t\t\t<\/figcaption><\/figure><figure class='gallery-item'>\n\t\t\t<div class='gallery-icon landscape'>\n\t\t\t\t<a href='http:\/\/origamex.org\/?attachment_id=40'><img loading=\"lazy\" decoding=\"async\" width=\"300\" height=\"200\" src=\"http:\/\/origamex.org\/wp-content\/uploads\/2015\/11\/DSC00695-300x200.jpg\" class=\"attachment-medium size-medium\" alt=\"\" aria-describedby=\"gallery-2-40\" srcset=\"http:\/\/origamex.org\/wp-content\/uploads\/2015\/11\/DSC00695-300x200.jpg 300w, http:\/\/origamex.org\/wp-content\/uploads\/2015\/11\/DSC00695-1024x684.jpg 1024w\" sizes=\"(max-width: 300px) 85vw, 300px\" \/><\/a>\n\t\t\t<\/div>\n\t\t\t\t<figcaption class='wp-caption-text gallery-caption' id='gallery-2-40'>\n\t\t\t\tCopia de la estructura b\u00e1sica de la capilla\n\t\t\t\t<\/figcaption><\/figure><figure class='gallery-item'>\n\t\t\t<div class='gallery-icon landscape'>\n\t\t\t\t<a href='http:\/\/origamex.org\/?attachment_id=41'><img loading=\"lazy\" decoding=\"async\" width=\"300\" height=\"200\" src=\"http:\/\/origamex.org\/wp-content\/uploads\/2015\/11\/DSC00697-300x200.jpg\" class=\"attachment-medium size-medium\" alt=\"\" aria-describedby=\"gallery-2-41\" srcset=\"http:\/\/origamex.org\/wp-content\/uploads\/2015\/11\/DSC00697-300x200.jpg 300w, http:\/\/origamex.org\/wp-content\/uploads\/2015\/11\/DSC00697-1024x684.jpg 1024w\" sizes=\"(max-width: 300px) 85vw, 300px\" \/><\/a>\n\t\t\t<\/div>\n\t\t\t\t<figcaption class='wp-caption-text gallery-caption' id='gallery-2-41'>\n\t\t\t\tCopia de la estructura b\u00e1sica de la capilla\n\t\t\t\t<\/figcaption><\/figure>\n\t\t<\/div>\n\n<p>Desde sus inicios en Jap\u00f3n, origami ha tenido aplicaciones pr\u00e1cticas a la vez que decorativas y ceremoniales: envolturas para regalos (\u201cnoshi\u201d y \u201ctsutsumi\u201d), contenedores de papel para monedas y otros art\u00edculos peque\u00f1os como hilo y alfileres (\u201ctato\u201d), etc.<\/p>\n<p>Desde la segunda mitad del siglo XX, origami ha llamado la atenci\u00f3n cada vez m\u00e1s de matem\u00e1ticos e ingenieros por sus m\u00faltiples aplicaciones en varios campos de ingenier\u00eda mec\u00e1nica, desde la escala microsc\u00f3pica para aplicaciones m\u00e9dicas, un escala mediana con aplicaciones rob\u00f3ticas, hasta la macrosc\u00f3pica con paneles solares para sat\u00e9lites y edificios \u201cdesplegables\u201d o que utilizan formas tomadas de origami tanto para est\u00e9tica como para dar m\u00e1s fuerza estructural a sus materiales.<\/p>\n<p><a href=\"https:\/\/engineering.nd.edu\/spotlights\/1BusEng1st20004000TurnerApplicationPackageComplete.pdf\">Un estudio reciente por Nicholas Turner<\/a>, un alumno de la Universidad de Notre Dame, sobre las aplicaciones de origami en la ingenier\u00eda abarc\u00f3 los resultados 178 investigaciones diferentes sobre usos concretos de origami.\u00a0Una versi\u00f3n reducida del art\u00edculo <a href=\"https:\/\/engineering.nd.edu\/spotlights\/1BusEng1st20004000TurnerApplicationPackageComplete.pdf\">est\u00e1 disponible en l\u00ednea<\/a>.<\/p>\n<p>Para enumerar s\u00f3lo algunas aplicaciones espec\u00edficas en los \u00faltimos a\u00f1os:<\/p>\n<p>&#8211; La <a href=\"https:\/\/en.wikipedia.org\/wiki\/Miura_fold\">\u201cmiura-ori\u201d<\/a> \u2013 una forma escalonada de doblar una hoja que la reduce a un espacio muy reducido \u2013 ha sido utilizado para doblar mapas y para dise\u00f1ar paneles solares y una bater\u00eda recargable.<\/p>\n<p>&#8211; Teselados \u2013 una forma espec\u00edfica de origami geom\u00e9trica \u2013 han sido utilizados para modelar y analizar la estructura de \u201cmateria oscura\u201d en cosmolog\u00eda<\/p>\n<p>&#8211; Ingenieros de MIT (el Instituto de Tecnolog\u00eda de Massachusetts) han desarrollado robots de menos de 2cm que desde una forma plana se doblan a s\u00ed mismos y pueden ejecutar movimientos como caminar y nadar, mover peque\u00f1os objetos, etc.<\/p>\n<p><a href=\"http:\/\/origamex.org\/wp-content\/uploads\/2015\/11\/MIT-robot-de-origami.png\"><img loading=\"lazy\" decoding=\"async\" class=\"aligncenter size-large wp-image-27\" src=\"http:\/\/origamex.org\/wp-content\/uploads\/2015\/11\/MIT-robot-de-origami-1024x731.png\" alt=\"MIT robot de origami\" width=\"474\" height=\"338\" srcset=\"http:\/\/origamex.org\/wp-content\/uploads\/2015\/11\/MIT-robot-de-origami-1024x731.png 1024w, http:\/\/origamex.org\/wp-content\/uploads\/2015\/11\/MIT-robot-de-origami-300x214.png 300w, http:\/\/origamex.org\/wp-content\/uploads\/2015\/11\/MIT-robot-de-origami.png 1180w\" sizes=\"(max-width: 474px) 85vw, 474px\" \/><\/a><\/p>\n<p>&nbsp;<\/p>\n<div class=\"jetpack-video-wrapper\"><span class=\"embed-youtube\" style=\"text-align:center; display: block;\"><iframe class='youtube-player' type='text\/html' width='840' height='473' src='https:\/\/www.youtube.com\/embed\/he_gMi6OVOU?version=3&#038;rel=1&#038;fs=1&#038;autohide=2&#038;showsearch=0&#038;showinfo=1&#038;iv_load_policy=1&#038;wmode=transparent' allowfullscreen='true' style='border:0;'><\/iframe><\/span><\/div>\n<p>&#8211; Investigadores de la universidad de Oxford han desarrollado un stent para angioplastia que se colapsa y expande siguiendo un patr\u00f3n de dobleces [origami stent \u2013 LA weekly foto]<\/p>\n<p>&#8211; La empresa alemana EASi contrat\u00f3 a origamista y cient\u00edfico Robert Lang para utilizar sus algoritmos de origami para dise\u00f1ar m\u00e9todos para doblar bolsas de aire para pasajeros en coches. El mismo Lang colabor\u00f3 con la Unversidad Brigham Young y NASA para desarrollar una nueva manera de comprimir paneles solares con origami, reduci\u00e9ndolos a una forma cil\u00edndrica. [Imagen BYU paneles solares]<\/p>\n<p>&#8211; Cient\u00edficos de la Universidad de California han utilizado principios de origami para desarrollar lentes que \u201cdoblan\u201d luz para aumentar por un factor de 7 el poder del lente<\/p>\n<p>&#8211; PrakashLab en la universidad de Stanford dise\u00f1\u00f3 un microscopio que se ensambla doblando una hoja con principios de origami. El aparato cuesta menos de $1 USD.<\/p>\n<p>&#8211; Varias propuestas han sido desarrolladas para utilizar origami para crear refugios f\u00e1cilmente desplegables para v\u00edctimas de desastres naturales [Foto: fold-out house]<\/p>\n<p>&#8211; Elementos de origami han sido utilizados en el dise\u00f1o de edificios p\u00fablicos y privados, como el <a href=\"https:\/\/duranvirginia.wordpress.com\/2013\/01\/03\/design-art-and-architecture-in-fashion\/virginia_duran_blog_yokohama-international-port-terminal\/\">Terminal Internacional del Puerto de Yokohama<\/a> (con el patr\u00f3n de dobleces de Yoshimura) y una capilla en St. Loup, Suiza.<\/p>\n<p>Una lista con im\u00e1genes y enlaces a art\u00edculos en ingl\u00e9s se puede encontrar <a href=\"http:\/\/www.origami-resource-center.com\/origami-science.html\">aqu\u00ed<\/a>.<\/p>\n","protected":false},"excerpt":{"rendered":"<p>Desde sus inicios en Jap\u00f3n, origami ha tenido aplicaciones pr\u00e1cticas a la vez que decorativas y ceremoniales: envolturas para regalos (\u201cnoshi\u201d y \u201ctsutsumi\u201d), contenedores de papel para monedas y otros art\u00edculos peque\u00f1os como hilo y alfileres (\u201ctato\u201d), etc. Desde la segunda mitad del siglo XX, origami ha llamado la atenci\u00f3n cada vez m\u00e1s de matem\u00e1ticos &hellip; <a href=\"http:\/\/origamex.org\/?page_id=26\" class=\"more-link\">Continuar leyendo<span class=\"screen-reader-text\"> \u00abOrigami y Ciencias \/ Ingenier\u00eda\u00bb<\/span><\/a><\/p>\n","protected":false},"author":1,"featured_media":0,"parent":14,"menu_order":4,"comment_status":"open","ping_status":"open","template":"","meta":{"spay_email":"","footnotes":""},"class_list":["post-26","page","type-page","status-publish","hentry"],"jetpack_sharing_enabled":true,"jetpack_shortlink":"https:\/\/wp.me\/P5jQNR-q","_links":{"self":[{"href":"http:\/\/origamex.org\/index.php?rest_route=\/wp\/v2\/pages\/26"}],"collection":[{"href":"http:\/\/origamex.org\/index.php?rest_route=\/wp\/v2\/pages"}],"about":[{"href":"http:\/\/origamex.org\/index.php?rest_route=\/wp\/v2\/types\/page"}],"author":[{"embeddable":true,"href":"http:\/\/origamex.org\/index.php?rest_route=\/wp\/v2\/users\/1"}],"replies":[{"embeddable":true,"href":"http:\/\/origamex.org\/index.php?rest_route=%2Fwp%2Fv2%2Fcomments&post=26"}],"version-history":[{"count":5,"href":"http:\/\/origamex.org\/index.php?rest_route=\/wp\/v2\/pages\/26\/revisions"}],"predecessor-version":[{"id":42,"href":"http:\/\/origamex.org\/index.php?rest_route=\/wp\/v2\/pages\/26\/revisions\/42"}],"up":[{"embeddable":true,"href":"http:\/\/origamex.org\/index.php?rest_route=\/wp\/v2\/pages\/14"}],"wp:attachment":[{"href":"http:\/\/origamex.org\/index.php?rest_route=%2Fwp%2Fv2%2Fmedia&parent=26"}],"curies":[{"name":"wp","href":"https:\/\/api.w.org\/{rel}","templated":true}]}}