{"id":16,"date":"2015-11-02T22:26:00","date_gmt":"2015-11-02T22:26:00","guid":{"rendered":"http:\/\/origamex.org\/?page_id=16"},"modified":"2015-11-02T22:29:39","modified_gmt":"2015-11-02T22:29:39","slug":"senbazuru","status":"publish","type":"page","link":"http:\/\/origamex.org\/?page_id=16","title":{"rendered":"Senbazuru"},"content":{"rendered":"<p>La exhibici\u00f3n en Monterrey para los D\u00edas Mundiales del Origami 2015 contiene dos ejemplares de \u00absenbazuru\u00bb. Aqu\u00ed les ofrecemos una explicaci\u00f3n de la historia y el significado de esta pr\u00e1ctica.<\/p>\n<p><strong>Pr\u00e1ctica de Senbazuru<\/strong><\/p>\n<p>El Origen de la pr\u00e1ctica de Senbazuru o pr\u00e1ctica del doblado de las 1,000 grullas se remonta al 610 D.C. al introducir a Jap\u00f3n el papel inventado en China. En esos inicios la pr\u00e1ctica del doblado de papel se hac\u00eda con fines religiosos o ceremoniales, es decir solo los sacerdotes, monjes, integrantes de la nobleza y guerreros sab\u00edan la t\u00e9cnica de doblar papel para obtener figuras representativas de la naturaleza.<\/p>\n<p>Una de las primeras figuras logradas con el plegado de papel u origami es el Tsuru o grulla; el obtener tal figura en papel result\u00f3 ser una elecci\u00f3n obvia ya que esta ave representativa de Jap\u00f3n est\u00e1 llena de una aura de espiritualidad, elegancia y por estar cargada de buenas connotaciones la han hecho ser parte integral de la cultura japonesa.<\/p>\n<p>A partir de la era Muromachi entre 1392 y 1573, llega a ser pr\u00e1ctica com\u00fan el plegado de papel entre todas las castas que conformaban el Jap\u00f3n antiguo y con ello tambi\u00e9n toma fuerza en el imaginario de la gente la leyenda que aseguraba que haciendo 1,000 tsurus de papel al terminar, una de ellas conceder\u00eda el m\u00e1s grande deseo as\u00ed mismo augurando una vida feliz, pr\u00f3spera y longeva.<\/p>\n<p>Las 1,000 grullas pueden ser elaboradas por una o un grupo de personas con una intenci\u00f3n o deseo, as\u00ed es posible la manifestaci\u00f3n de nuestro pensamiento y sentimiento en la realidad.<\/p>\n","protected":false},"excerpt":{"rendered":"<p>La exhibici\u00f3n en Monterrey para los D\u00edas Mundiales del Origami 2015 contiene dos ejemplares de \u00absenbazuru\u00bb. Aqu\u00ed les ofrecemos una explicaci\u00f3n de la historia y el significado de esta pr\u00e1ctica. Pr\u00e1ctica de Senbazuru El Origen de la pr\u00e1ctica de Senbazuru o pr\u00e1ctica del doblado de las 1,000 grullas se remonta al 610 D.C. al introducir &hellip; <a href=\"http:\/\/origamex.org\/?page_id=16\" class=\"more-link\">Continuar leyendo<span class=\"screen-reader-text\"> \u00abSenbazuru\u00bb<\/span><\/a><\/p>\n","protected":false},"author":1,"featured_media":0,"parent":14,"menu_order":1,"comment_status":"open","ping_status":"open","template":"","meta":{"spay_email":"","footnotes":""},"class_list":["post-16","page","type-page","status-publish","hentry"],"jetpack_sharing_enabled":true,"jetpack_shortlink":"https:\/\/wp.me\/P5jQNR-g","_links":{"self":[{"href":"http:\/\/origamex.org\/index.php?rest_route=\/wp\/v2\/pages\/16"}],"collection":[{"href":"http:\/\/origamex.org\/index.php?rest_route=\/wp\/v2\/pages"}],"about":[{"href":"http:\/\/origamex.org\/index.php?rest_route=\/wp\/v2\/types\/page"}],"author":[{"embeddable":true,"href":"http:\/\/origamex.org\/index.php?rest_route=\/wp\/v2\/users\/1"}],"replies":[{"embeddable":true,"href":"http:\/\/origamex.org\/index.php?rest_route=%2Fwp%2Fv2%2Fcomments&post=16"}],"version-history":[{"count":1,"href":"http:\/\/origamex.org\/index.php?rest_route=\/wp\/v2\/pages\/16\/revisions"}],"predecessor-version":[{"id":17,"href":"http:\/\/origamex.org\/index.php?rest_route=\/wp\/v2\/pages\/16\/revisions\/17"}],"up":[{"embeddable":true,"href":"http:\/\/origamex.org\/index.php?rest_route=\/wp\/v2\/pages\/14"}],"wp:attachment":[{"href":"http:\/\/origamex.org\/index.php?rest_route=%2Fwp%2Fv2%2Fmedia&parent=16"}],"curies":[{"name":"wp","href":"https:\/\/api.w.org\/{rel}","templated":true}]}}