{"id":14,"date":"2015-11-02T22:22:23","date_gmt":"2015-11-02T22:22:23","guid":{"rendered":"http:\/\/origamex.org\/?page_id=14"},"modified":"2020-02-24T03:22:06","modified_gmt":"2020-02-24T03:22:06","slug":"dias-mundiales-del-origami","status":"publish","type":"page","link":"http:\/\/origamex.org\/?page_id=14","title":{"rendered":"D\u00edas Mundiales del Origami"},"content":{"rendered":"<p style=\"text-align: center;\">&#8211; P\u00c1GINA EN CONSTRUCCI\u00d3N &#8211;<\/p>\n<p>Como parte de la primera celebraci\u00f3n en Monterrey, M\u00e9xico, de los \u201cD\u00edas Mundiales del Origami\u201d se tendr\u00e1 en Nave Generadores, dentro de parque Fundidora, &nbsp;una exhibici\u00f3n de origami desde el 6 hasta el 22 de noviembre. Se inaugurar\u00e1 en la noche del viernes 6 de noviembre a las 7:30pm, y a lo largo del primer fin de semana (7-8 de nov.) se ofrecer\u00e1n talleres gratuitos en el mismo lugar. Los horarios exactos de los talleres se publicar\u00e1n en breve.<\/p>\n<p>Aqu\u00ed les ofreceremos informaci\u00f3n sobre las obras incluidas en la exhibici\u00f3n, incluyendo datos espec\u00edficos que no pudimos incluir en la exposici\u00f3n misma por limitaciones de espacio:<\/p>\n<ul>\n<li><strong><a href=\"http:\/\/origamex.org\/?page_id=16\">Senbazuru<\/a><\/strong><\/li>\n<li><strong><a href=\"http:\/\/origamex.org\/?page_id=21\">Los expositores<\/a><\/strong><\/li>\n<li><strong><a href=\"http:\/\/origamex.org\/?page_id=26\">Origami y Ciencia \/ Ingenier\u00eda<\/a>&nbsp;<\/strong><\/li>\n<\/ul>\n","protected":false},"excerpt":{"rendered":"<p>&#8211; P\u00c1GINA EN CONSTRUCCI\u00d3N &#8211; Como parte de la primera celebraci\u00f3n en Monterrey, M\u00e9xico, de los \u201cD\u00edas Mundiales del Origami\u201d se tendr\u00e1 en Nave Generadores, dentro de parque Fundidora, &nbsp;una exhibici\u00f3n de origami desde el 6 hasta el 22 de noviembre. Se inaugurar\u00e1 en la noche del viernes 6 de noviembre a las 7:30pm, y &hellip; <a href=\"http:\/\/origamex.org\/?page_id=14\" class=\"more-link\">Continuar leyendo<span class=\"screen-reader-text\"> \u00abD\u00edas Mundiales del Origami\u00bb<\/span><\/a><\/p>\n","protected":false},"author":1,"featured_media":0,"parent":0,"menu_order":0,"comment_status":"closed","ping_status":"open","template":"","meta":{"spay_email":"","footnotes":""},"class_list":["post-14","page","type-page","status-publish","hentry"],"jetpack_sharing_enabled":true,"jetpack_shortlink":"https:\/\/wp.me\/P5jQNR-e","_links":{"self":[{"href":"http:\/\/origamex.org\/index.php?rest_route=\/wp\/v2\/pages\/14"}],"collection":[{"href":"http:\/\/origamex.org\/index.php?rest_route=\/wp\/v2\/pages"}],"about":[{"href":"http:\/\/origamex.org\/index.php?rest_route=\/wp\/v2\/types\/page"}],"author":[{"embeddable":true,"href":"http:\/\/origamex.org\/index.php?rest_route=\/wp\/v2\/users\/1"}],"replies":[{"embeddable":true,"href":"http:\/\/origamex.org\/index.php?rest_route=%2Fwp%2Fv2%2Fcomments&post=14"}],"version-history":[{"count":8,"href":"http:\/\/origamex.org\/index.php?rest_route=\/wp\/v2\/pages\/14\/revisions"}],"predecessor-version":[{"id":76,"href":"http:\/\/origamex.org\/index.php?rest_route=\/wp\/v2\/pages\/14\/revisions\/76"}],"wp:attachment":[{"href":"http:\/\/origamex.org\/index.php?rest_route=%2Fwp%2Fv2%2Fmedia&parent=14"}],"curies":[{"name":"wp","href":"https:\/\/api.w.org\/{rel}","templated":true}]}}